{"id":37,"date":"2014-12-01T20:04:22","date_gmt":"2014-12-01T19:04:22","guid":{"rendered":"http:\/\/www.englischschecken.ch\/?page_id=37"},"modified":"2026-04-20T17:35:25","modified_gmt":"2026-04-20T16:35:25","slug":"vorstand","status":"publish","type":"page","link":"https:\/\/www.englischschecken.ch\/?page_id=37","title":{"rendered":"Vorstand  &#8211; Organisation"},"content":{"rendered":"\n<h2 class=\"wp-block-heading\">Ehrenpr\u00e4sident<\/h2>\n\n\n\n<div class=\"wp-block-media-text is-stacked-on-mobile\" style=\"grid-template-columns:30% auto\"><figure class=\"wp-block-media-text__media\"><img loading=\"lazy\" decoding=\"async\" width=\"198\" height=\"248\" src=\"https:\/\/www.englischschecken.ch\/wp-content\/uploads\/2018\/12\/EigensatzXaver72dpi-1.jpg\" alt=\"\" class=\"wp-image-3042 size-full\"\/><\/figure><div class=\"wp-block-media-text__content\">\n<p>Eigensatz Xaver<br>Eichenweg 14<br>6212 St. Erhard<br>079 775 94 14<br><a>eigensatzxaver@bluewin.ch<\/a><\/p>\n\n\n<\/div><\/div>\n\n\n\n<p><\/p>\n\n\n\n<h2 class=\"wp-block-heading\">Vorstand<\/h2>\n\n\n\n<div class=\"wp-block-media-text is-stacked-on-mobile\" style=\"grid-template-columns:30% auto\"><figure class=\"wp-block-media-text__media\"><img loading=\"lazy\" decoding=\"async\" width=\"193\" height=\"289\" src=\"https:\/\/www.englischschecken.ch\/wp-content\/uploads\/2024\/12\/BraunChristian-1.gif\" alt=\"\" class=\"wp-image-6306 size-full\"\/><\/figure><div class=\"wp-block-media-text__content\">\n<p><strong>Pr\u00e4sident<\/strong><br>Braun Christian<br>Hauptstrasse 5<br>3422 Alchenfl\u00fch<br>034 445 07 00<br><a href=\"mailto:urch.braun@gmx.ch\">urch.braun@gmx.ch<\/a><br><\/p>\n<\/div><\/div>\n\n\n\n<div class=\"wp-block-media-text is-stacked-on-mobile\" style=\"grid-template-columns:30% auto\"><figure class=\"wp-block-media-text__media\"><img loading=\"lazy\" decoding=\"async\" width=\"240\" height=\"360\" src=\"https:\/\/www.englischschecken.ch\/wp-content\/uploads\/2024\/12\/KochChristian.gif\" alt=\"\" class=\"wp-image-6307 size-full\"\/><\/figure><div class=\"wp-block-media-text__content\">\n<p><strong>Vizepr\u00e4sident<\/strong><br>Koch Christian<br>Hinterburgstrasse 54<br>9462 Montlingen<br>079 336 27 01<br><a href=\"mailto:yb.koch@yahoo.de\" target=\"_blank\" rel=\"noreferrer noopener\">yb.koch@yahoo.de<\/a> <\/p>\n\n\n\n<p><br><br><\/p>\n<\/div><\/div>\n\n\n\n<div class=\"wp-block-media-text is-stacked-on-mobile\" style=\"grid-template-columns:30% auto\"><figure class=\"wp-block-media-text__media\"><img loading=\"lazy\" decoding=\"async\" width=\"157\" height=\"196\" src=\"https:\/\/www.englischschecken.ch\/wp-content\/uploads\/2018\/12\/ChristenRoland-72dpi-1.jpg\" alt=\"\" class=\"wp-image-3043 size-full\"\/><\/figure><div class=\"wp-block-media-text__content\">\n<p><strong>Aktuar<\/strong><br>Christen Roland<br>H\u00f6henweg 12<br>4553 Subigen<br>079 562 59 19<br>Mail: <a href=\"laendu75@bluewin.ch\">laendu75@bluewin.ch<\/a><\/p>\n<\/div><\/div>\n\n\n\n<div class=\"wp-block-media-text is-stacked-on-mobile\" style=\"grid-template-columns:30% auto\"><figure class=\"wp-block-media-text__media\"><img loading=\"lazy\" decoding=\"async\" width=\"221\" height=\"277\" src=\"https:\/\/www.englischschecken.ch\/wp-content\/uploads\/2018\/12\/CorpatauxWerner72dpi-1.jpg\" alt=\"\" class=\"wp-image-3044 size-full\"\/><\/figure><div class=\"wp-block-media-text__content\">\n<p><strong>Kassier<br><\/strong>Corpataux Werner, D\u00fcrrenbergstr. 51<br>1735 Giffers<br>026 418 15 56<br>Mail: <a href=\"w.corpataux@gmx.ch\">w.corpataux@gmx.ch<\/a><\/p>\n<\/div><\/div>\n\n\n\n<div class=\"wp-block-media-text is-stacked-on-mobile\" style=\"grid-template-columns:30% auto\"><figure class=\"wp-block-media-text__media\"><img loading=\"lazy\" decoding=\"async\" width=\"559\" height=\"699\" src=\"https:\/\/www.englischschecken.ch\/wp-content\/uploads\/2022\/12\/RubinDaniel-2022-1.gif\" alt=\"\" class=\"wp-image-5372 size-full\"\/><\/figure><div class=\"wp-block-media-text__content\">\n<p><strong>Obmann<br><\/strong>Rubin Daniel<br>Luterbachstrasse 138<br>3058 Utzigen<br>031 839 37 04<br>Mail: <a href=\"mailto:info@rubin-gartenbau.ch\" target=\"_blank\" rel=\"noreferrer noopener\">info@rubin-gartenbau.ch<\/a><\/p>\n<\/div><\/div>\n\n\n\n<p>\u00a0<\/p>\n<p><strong>Mitgliederstatistik per 20.9.2025<\/strong><\/p>\n<table style=\"width: 39.3774%; height: 143px;\" width=\"359\">\n<tbody>\n<tr style=\"height: 24px;\">\n<td style=\"height: 24px; width: 34.5714%;\" width=\"131\"><strong>Gruppen<\/strong><\/td>\n<td style=\"text-align: center; vertical-align: middle; width: 3.46278%; height: 24px;\"><strong>EP<\/strong><\/td>\n<td style=\"height: 24px; text-align: center; vertical-align: middle; width: 5.68008%;\" scope=\"col\" width=\"29\"><strong>EM<\/strong><\/td>\n<td style=\"height: 24px; text-align: center; vertical-align: middle; width: 21.1429%;\" scope=\"col\" width=\"73\"><em>dav.GrEP<\/em><\/td>\n<td style=\"height: 24px; text-align: center; vertical-align: middle; width: 8.85714%;\" scope=\"col\" width=\"28\"><strong>FM<\/strong><\/td>\n<td style=\"height: 24px; text-align: center; vertical-align: middle; width: 9.66895%;\" scope=\"col\" width=\"30\"><strong>AM<\/strong><\/td>\n<td style=\"height: 24px; text-align: center; vertical-align: middle; width: 44.8443%;\" scope=\"col\" width=\"68\"><em>dav. JZ<\/em><\/td>\n<td style=\"text-align: center; vertical-align: middle; width: 36.6746%; height: 24px;\"><strong>Total<\/strong><\/td>\n<\/tr>\n<tr style=\"height: 24px;\">\n<td style=\"height: 24px; width: 34.5714%;\">Bern<\/td>\n<td style=\"text-align: center; vertical-align: middle; width: 3.46278%; height: 24px;\">\u00a0<\/td>\n<td style=\"height: 24px; text-align: center; vertical-align: middle; width: 5.68008%;\" scope=\"col\">2<\/td>\n<td style=\"height: 24px; text-align: center; vertical-align: middle; width: 21.1429%;\" scope=\"col\"><em>1<\/em><\/td>\n<td style=\"height: 24px; text-align: center; vertical-align: middle; width: 8.85714%;\" scope=\"col\">\u00a0<\/td>\n<td style=\"height: 24px; text-align: center; vertical-align: middle; width: 9.66895%;\" scope=\"col\">17<\/td>\n<td style=\"height: 24px; text-align: center; vertical-align: middle; width: 44.8443%;\" scope=\"col\">\u00a0<\/td>\n<td style=\"text-align: center; vertical-align: middle; width: 36.6746%; height: 24px;\"><strong>19<\/strong><\/td>\n<\/tr>\n<tr style=\"height: 24px;\">\n<td style=\"height: 24px; width: 34.5714%;\">Ost<\/td>\n<td style=\"text-align: center; vertical-align: middle; width: 3.46278%; height: 24px;\">1<\/td>\n<td style=\"height: 24px; text-align: center; vertical-align: middle; width: 5.68008%;\" scope=\"col\">8<\/td>\n<td style=\"height: 24px; text-align: center; vertical-align: middle; width: 21.1429%;\" scope=\"col\">\u00a0<\/td>\n<td style=\"height: 24px; text-align: center; vertical-align: middle; width: 8.85714%;\" scope=\"col\">2<\/td>\n<td style=\"height: 24px; text-align: center; vertical-align: middle; width: 9.66895%;\" scope=\"col\">9<\/td>\n<td style=\"height: 24px; text-align: center; vertical-align: middle; width: 44.8443%;\" scope=\"col\">\u00a0<\/td>\n<td style=\"text-align: center; vertical-align: middle; width: 36.6746%; height: 24px;\"><strong>20<\/strong><\/td>\n<\/tr>\n<tr style=\"height: 24px;\">\n<td style=\"height: 25px; width: 34.5714%;\">West<\/td>\n<td style=\"text-align: center; vertical-align: middle; width: 3.46278%; height: 25px;\">\u00a0<\/td>\n<td style=\"height: 25px; text-align: center; vertical-align: middle; width: 5.68008%;\" scope=\"col\">7<\/td>\n<td style=\"height: 25px; text-align: center; vertical-align: middle; width: 21.1429%;\" scope=\"col\"><em>1<\/em><\/td>\n<td style=\"height: 25px; text-align: center; vertical-align: middle; width: 8.85714%;\" scope=\"col\">1<\/td>\n<td style=\"height: 25px; text-align: center; vertical-align: middle; width: 9.66895%;\" scope=\"col\">25<\/td>\n<td style=\"height: 25px; text-align: center; vertical-align: middle; width: 44.8443%;\" scope=\"col\"><em>1<\/em><\/td>\n<td style=\"text-align: center; vertical-align: middle; width: 36.6746%; height: 25px;\"><strong>33<\/strong><\/td>\n<\/tr>\n<tr style=\"height: 24px;\">\n<td style=\"height: 24px; width: 34.5714%;\">Einzelmitglieder<\/td>\n<td style=\"text-align: center; vertical-align: middle; width: 3.46278%; height: 24px;\">\u00a0<\/td>\n<td style=\"height: 24px; text-align: center; vertical-align: middle; width: 5.68008%;\" scope=\"col\">11<\/td>\n<td style=\"height: 24px; text-align: center; vertical-align: middle; width: 21.1429%;\" scope=\"col\"><em>2<\/em><\/td>\n<td style=\"height: 24px; text-align: center; vertical-align: middle; width: 8.85714%;\" scope=\"col\">\u00a0<\/td>\n<td style=\"height: 24px; text-align: center; vertical-align: middle; width: 9.66895%;\" scope=\"col\">\u00a0<\/td>\n<td style=\"height: 24px; text-align: center; vertical-align: middle; width: 44.8443%;\" scope=\"col\">\u00a0<\/td>\n<td style=\"text-align: center; vertical-align: middle; width: 36.6746%; height: 24px;\"><strong>11<\/strong><\/td>\n<\/tr>\n<tr style=\"height: 22px;\">\n<td style=\"height: 22px; width: 34.5714%;\">\u00a0<\/td>\n<td style=\"text-align: center; vertical-align: middle; width: 3.46278%; height: 22px;\">1<\/td>\n<td style=\"height: 22px; text-align: center; vertical-align: middle; width: 5.68008%;\" scope=\"col\">28<\/td>\n<td style=\"height: 22px; text-align: center; vertical-align: middle; width: 21.1429%;\" scope=\"col\">\u00a0<\/td>\n<td style=\"height: 22px; text-align: center; vertical-align: middle; width: 8.85714%;\" scope=\"col\">3<\/td>\n<td style=\"height: 22px; text-align: center; vertical-align: middle; width: 9.66895%;\" scope=\"col\">51<\/td>\n<td style=\"height: 22px; text-align: center; vertical-align: middle; width: 44.8443%;\" scope=\"col\">\u00a0<\/td>\n<td style=\"text-align: center; vertical-align: middle; width: 36.6746%; height: 22px;\"><strong>83<\/strong><\/td>\n<\/tr>\n<\/tbody>\n<\/table>\n<p><strong>EP<\/strong> Klub-Ehrenpr\u00e4sident <strong>EM<\/strong> Ehrenmitglieder, <strong>GrEP<\/strong>-Gruppen-Ehrenpr\u00e4sidenten,<br \/><strong>FM<\/strong>\u00a0 Freimitglieder,<strong> AM<\/strong> Aktivmitglieder, <strong>JZ<\/strong> Jugendmitglieder<\/p>\n<p><strong>Als Einzelmitglieder gef\u00fchrte Ehrenmitglieder aufgel\u00f6ster Gruppen:<\/strong><br \/><em>Gruppe beider Basel:<\/em><br \/>Ruedi Schraner (GrEP), Kurt Lippuner, Bethli M\u00fcller, Josef Bucheli\u00a0<\/p>\n<p><em>Gruppe Innerschweiz:<\/em><br \/>Rolf B\u00e4chler (GrEP), Othmar B\u00fctler, Paul Dober, Christine Schmid, Renzo Valsangiacomo, Maria Wangeler und Heiri Wangeler.<\/p>\n<p><strong>Selbstdarstellung Klub<\/strong><\/p>\n<p><img loading=\"lazy\" decoding=\"async\" class=\"wp-image-942 alignnone\" src=\"http:\/\/www.englischschecken.ch\/wp-content\/uploads\/2014\/12\/PDF-Symbol-e1533392836963.png\" alt=\"\" width=\"40\" height=\"37\" \/><a href=\"https:\/\/www.englischschecken.ch\/wp-content\/uploads\/2025\/05\/Flyer25-neutral.pdf\" target=\"_blank\" rel=\"noopener\">Flyer 2025 &#8211; Schweizer Englischschecken Klub<\/a><\/p>\n<p>\u00a0<\/p>\n<p>\u00a0<\/p>\n\n\n<\/p>\n<p><!-- \/wp:post-content --><\/p>\n<p><!-- wp:tadv\/classic-paragraph \/--><\/p>\n<p><!-- wp:tadv\/classic-paragraph \/--><\/p>","protected":false},"excerpt":{"rendered":"<p>Ehrenpr\u00e4sident Vorstand Pr\u00e4sidentBraun ChristianHauptstrasse 53422 Alchenfl\u00fch034 445 07 00urch.braun@gmx.ch AktuarChristen RolandH\u00f6henweg 124553 Subigen079 562 59 19Mail: laendu75@bluewin.ch KassierCorpataux Werner, D\u00fcrrenbergstr. 511735 Giffers026 418 15 56Mail: w.corpataux@gmx.ch ObmannRubin DanielLuterbachstrasse 1383058 Utzigen031 839 37 04Mail: info@rubin-gartenbau.ch \u00a0 Mitgliederstatistik per 20.9.2025 Gruppen EP EM dav.GrEP FM AM dav. JZ Total Bern \u00a0 2 1 \u00a0 17 \u00a0 19 &hellip; <\/p>\n<p class=\"link-more\"><a href=\"https:\/\/www.englischschecken.ch\/?page_id=37\" class=\"more-link\"><span class=\"screen-reader-text\">\u201eVorstand  &#8211; Organisation\u201c <\/span>weiterlesen<\/a><\/p>\n","protected":false},"author":1,"featured_media":0,"parent":0,"menu_order":1,"comment_status":"closed","ping_status":"closed","template":"","meta":{"_uag_custom_page_level_css":"","footnotes":""},"class_list":["post-37","page","type-page","status-publish","hentry"],"uagb_featured_image_src":{"full":false,"thumbnail":false,"medium":false,"medium_large":false,"large":false,"1536x1536":false,"2048x2048":false,"twentyseventeen-featured-image":false,"twentyseventeen-thumbnail-avatar":false},"uagb_author_info":{"display_name":"admin","author_link":"https:\/\/www.englischschecken.ch\/?author=1"},"uagb_comment_info":0,"uagb_excerpt":"Ehrenpr\u00e4sident Vorstand Pr\u00e4sidentBraun ChristianHauptstrasse 53422 Alchenfl\u00fch034 445 07 00urch.braun@gmx.ch AktuarChristen RolandH\u00f6henweg 124553 Subigen079 562 59 19Mail: laendu75@bluewin.ch KassierCorpataux Werner, D\u00fcrrenbergstr. 511735 Giffers026 418 15 56Mail: w.corpataux@gmx.ch ObmannRubin DanielLuterbachstrasse 1383058 Utzigen031 839 37 04Mail: info@rubin-gartenbau.ch \u00a0 Mitgliederstatistik per 20.9.2025 Gruppen EP EM dav.GrEP FM AM dav. JZ Total Bern \u00a0 2 1 \u00a0 17 \u00a0 19&hellip;","_links":{"self":[{"href":"https:\/\/www.englischschecken.ch\/index.php?rest_route=\/wp\/v2\/pages\/37","targetHints":{"allow":["GET"]}}],"collection":[{"href":"https:\/\/www.englischschecken.ch\/index.php?rest_route=\/wp\/v2\/pages"}],"about":[{"href":"https:\/\/www.englischschecken.ch\/index.php?rest_route=\/wp\/v2\/types\/page"}],"author":[{"embeddable":true,"href":"https:\/\/www.englischschecken.ch\/index.php?rest_route=\/wp\/v2\/users\/1"}],"replies":[{"embeddable":true,"href":"https:\/\/www.englischschecken.ch\/index.php?rest_route=%2Fwp%2Fv2%2Fcomments&post=37"}],"version-history":[{"count":184,"href":"https:\/\/www.englischschecken.ch\/index.php?rest_route=\/wp\/v2\/pages\/37\/revisions"}],"predecessor-version":[{"id":7127,"href":"https:\/\/www.englischschecken.ch\/index.php?rest_route=\/wp\/v2\/pages\/37\/revisions\/7127"}],"wp:attachment":[{"href":"https:\/\/www.englischschecken.ch\/index.php?rest_route=%2Fwp%2Fv2%2Fmedia&parent=37"}],"curies":[{"name":"wp","href":"https:\/\/api.w.org\/{rel}","templated":true}]}}