{"id":51,"date":"2014-12-01T20:13:59","date_gmt":"2014-12-01T19:13:59","guid":{"rendered":"http:\/\/www.englischschecken.ch\/?page_id=51"},"modified":"2026-04-20T17:32:12","modified_gmt":"2026-04-20T16:32:12","slug":"bern","status":"publish","type":"page","link":"https:\/\/www.englischschecken.ch\/?page_id=51","title":{"rendered":"Gruppe Bern"},"content":{"rendered":"\n<figure class=\"wp-block-table  alignleft\"><table class=\"has-fixed-layout\"><tbody><tr><td>Gegr\u00fcndet<\/td><td colspan=\"3\">1919 als Kantonal Bernischer Englisch Schecken Klub<br>(seit 1992 im Hauptklub)<\/td><\/tr><tr><td>Mitglieder<\/td><td>19<\/td><td>&nbsp;<\/td><\/tr><tr><td>Pr\u00e4sident<\/td><td class=\"has-text-align-left\" data-align=\"left\">Werner Corpataux<br>D\u00fcrrenbergstr. 51<br>1735 Giffers<\/td><td>026 418 15 56<br><a href=\"mailto:w.corpataux@gmx.ch\">w.corpataux@gmx.ch<\/a><\/td><\/tr><tr><td>Vizepr\u00e4sident und<br>Obmann<\/td><td class=\"has-text-align-left\" data-align=\"left\">Fredi Aebischer<br>Bundtels 10<br>3186 D\u00fcdingen<\/td><td>026 493 35 79<br><a href=\"mailto:f.aebischer@sensemail.ch\">f.aebischer@sensemail.ch<\/a><\/td><\/tr><tr><td>Aktuar<\/td><td class=\"has-text-align-left\" data-align=\"left\">Oswald Egger<br>Riederberg 99<br>3178 B\u00f6singen<\/td><td>031 747 89 96<br><a href=\"mailto:osi.egger@bluewin.ch\">osi.egger@bluewin.ch<\/a><\/td><\/tr><tr><td>Kassierin<\/td><td class=\"has-text-align-left\" data-align=\"left\">Manuela Bapst<br>Holzgasse 11<br>1719 Br\u00fcnisried<\/td><td>026 419 37 46<br><a href=\"mailto:manuela.bapst@bluewin.ch\">manuela.bapst@bluewin.ch<\/a><\/td><\/tr><tr><td class=\"has-text-align-left\" data-align=\"left\">Beisitzer<\/td><td class=\"has-text-align-left\" data-align=\"left\">Alfred Thomet<br>Schlossmatten 3<br>3150 Schwarzenburg<\/td><td class=\"has-text-align-left\" data-align=\"left\">031 731 04 40<br><a href=\"mailto:alfred.thomet@bluewin.ch\">alfred.thomet@bluewin.ch<\/a><\/td><\/tr><tr><td>Beisitzer<\/td><td class=\"has-text-align-left\" data-align=\"left\">Bendicht Wingeier<br>Aeugstenhalten<br>3154 Reuschegg-Heubach<\/td><td>079 367 21 38<\/td><\/tr><tr><td>Gruppen-Ehrenpr\u00e4sident<\/td><td class=\"has-text-align-left\" data-align=\"left\">Ulrich Reber<\/td><td>&nbsp;<\/td><\/tr><tr><td>Ehrenmitglieder<\/td><td class=\"has-text-align-left\" data-align=\"left\">Ulrich Reber<br>Bruno Probst<\/td><td>&nbsp;<\/td><\/tr><tr><td>Aktivmitglieder<\/td><td class=\"has-text-align-left\" data-align=\"left\">Fredy Aebischer<br>Manuela Bapst<br>Markus Bapst<br>Werner Corpataux<br>Oswald Egger<br>Jean-Claude Eicher<br>Fritz Fahrni<br>Willy Hinni<br>Jean-Luc Maillard<br>Rudolf Meier<br>Marcel Neuhaus<br>Pecaut Claude<br>Katharina Reber<br>Hans Roth<br>Peter Stadelmann<br>Alfred Thomet<br>Bendicht Wingeier<\/td><td>&nbsp;<\/td><\/tr><\/tbody><\/table><\/figure>\n","protected":false},"excerpt":{"rendered":"<p>Gegr\u00fcndet 1919 als Kantonal Bernischer Englisch Schecken Klub(seit 1992 im Hauptklub) Mitglieder 19 &nbsp; Pr\u00e4sident Werner CorpatauxD\u00fcrrenbergstr. 511735 Giffers 026 418 15 56w.corpataux@gmx.ch Vizepr\u00e4sident undObmann Fredi AebischerBundtels 103186 D\u00fcdingen 026 493 35 79f.aebischer@sensemail.ch Aktuar Oswald EggerRiederberg 993178 B\u00f6singen 031 747 89 96osi.egger@bluewin.ch Kassierin Manuela BapstHolzgasse 111719 Br\u00fcnisried 026 419 37 46manuela.bapst@bluewin.ch Beisitzer Alfred ThometSchlossmatten 33150 &hellip; <\/p>\n<p class=\"link-more\"><a href=\"https:\/\/www.englischschecken.ch\/?page_id=51\" class=\"more-link\"><span class=\"screen-reader-text\">\u201eGruppe Bern\u201c <\/span>weiterlesen<\/a><\/p>\n","protected":false},"author":1,"featured_media":0,"parent":0,"menu_order":0,"comment_status":"closed","ping_status":"closed","template":"","meta":{"_uag_custom_page_level_css":"","footnotes":""},"class_list":["post-51","page","type-page","status-publish","hentry"],"uagb_featured_image_src":{"full":false,"thumbnail":false,"medium":false,"medium_large":false,"large":false,"1536x1536":false,"2048x2048":false,"twentyseventeen-featured-image":false,"twentyseventeen-thumbnail-avatar":false},"uagb_author_info":{"display_name":"admin","author_link":"https:\/\/www.englischschecken.ch\/?author=1"},"uagb_comment_info":0,"uagb_excerpt":"Gegr\u00fcndet 1919 als Kantonal Bernischer Englisch Schecken Klub(seit 1992 im Hauptklub) Mitglieder 19 &nbsp; Pr\u00e4sident Werner CorpatauxD\u00fcrrenbergstr. 511735 Giffers 026 418 15 56w.corpataux@gmx.ch Vizepr\u00e4sident undObmann Fredi AebischerBundtels 103186 D\u00fcdingen 026 493 35 79f.aebischer@sensemail.ch Aktuar Oswald EggerRiederberg 993178 B\u00f6singen 031 747 89 96osi.egger@bluewin.ch Kassierin Manuela BapstHolzgasse 111719 Br\u00fcnisried 026 419 37 46manuela.bapst@bluewin.ch Beisitzer Alfred ThometSchlossmatten 33150&hellip;","_links":{"self":[{"href":"https:\/\/www.englischschecken.ch\/index.php?rest_route=\/wp\/v2\/pages\/51","targetHints":{"allow":["GET"]}}],"collection":[{"href":"https:\/\/www.englischschecken.ch\/index.php?rest_route=\/wp\/v2\/pages"}],"about":[{"href":"https:\/\/www.englischschecken.ch\/index.php?rest_route=\/wp\/v2\/types\/page"}],"author":[{"embeddable":true,"href":"https:\/\/www.englischschecken.ch\/index.php?rest_route=\/wp\/v2\/users\/1"}],"replies":[{"embeddable":true,"href":"https:\/\/www.englischschecken.ch\/index.php?rest_route=%2Fwp%2Fv2%2Fcomments&post=51"}],"version-history":[{"count":80,"href":"https:\/\/www.englischschecken.ch\/index.php?rest_route=\/wp\/v2\/pages\/51\/revisions"}],"predecessor-version":[{"id":7125,"href":"https:\/\/www.englischschecken.ch\/index.php?rest_route=\/wp\/v2\/pages\/51\/revisions\/7125"}],"wp:attachment":[{"href":"https:\/\/www.englischschecken.ch\/index.php?rest_route=%2Fwp%2Fv2%2Fmedia&parent=51"}],"curies":[{"name":"wp","href":"https:\/\/api.w.org\/{rel}","templated":true}]}}