{"id":57,"date":"2014-12-01T20:15:25","date_gmt":"2014-12-01T19:15:25","guid":{"rendered":"http:\/\/www.englischschecken.ch\/?page_id=57"},"modified":"2026-03-04T11:10:00","modified_gmt":"2026-03-04T10:10:00","slug":"west","status":"publish","type":"page","link":"https:\/\/www.englischschecken.ch\/?page_id=57","title":{"rendered":"Gruppe West"},"content":{"rendered":"\n<p>Gegr\u00fcndet&nbsp;&nbsp;&nbsp;&nbsp;&nbsp;&nbsp;&nbsp;&nbsp;&nbsp;&nbsp;&nbsp;&nbsp;&nbsp;&nbsp;&nbsp;&nbsp;&nbsp;&nbsp;&nbsp;&nbsp;&nbsp;&nbsp;&nbsp;&nbsp; &nbsp;&nbsp;1933 als Gruppe Jura<\/p>\n\n\n\n<figure class=\"wp-block-table\"><table class=\"has-fixed-layout\"><tbody><tr><td>Mitglieder<\/td><td>33<\/td><td>&nbsp;<\/td><\/tr><tr><td>Pr\u00e4sident<\/td><td>Roland Christen<br>H\u00f6henweg 12<br>4553 Subingen<\/td><td>079 562 59 19<br><a href=\"mailto:laendu75@bluewin.ch\">laendu75@bluewin.ch<\/a><\/td><\/tr><tr><td>Vicepr\u00e4sident<\/td><td>Christian Braun<br>Hauptstrasse 5<br>3422 Alchenfl\u00fch<\/td><td>034 445 07 00<br><a href=\"mailto:urch.braun@gmx.ch\">urch.braun@gmx.ch<\/a><\/td><\/tr><tr><td>Aktuarin<\/td><td>Marianne Stucki-Friedli<br>Looh 213B<br>3538 R\u00f6thenbach im Emmental<\/td><td>034 491 26 09<br><a href=\"mailto:stuckimarianne@bluewin.ch\" target=\"_blank\" rel=\"noopener\">stuckimarianne@bluewin.ch&nbsp;<\/a><\/td><\/tr><tr><td>Kassierin<\/td><td>Alice Fankhauser<br>Kirchmatte 8<br>3412 Heimiswil<\/td><td>034 422 10 63<br><a href=\"mailto:fankhauser.kaeserei-metzgerei@bluewin.ch\" target=\"_blank\" rel=\"noopener\">fankhauser.kaeserei-<br>metzgerei@bluewin.ch<\/a><\/td><\/tr><tr><td>Obmann<\/td><td>Daniel Rubin<br>Luterbachstrasse 138<br>3068 Utzigen<\/td><td>031 839 37 04<br><a href=\"mailto:paenu@gmx.ch\" target=\"_blank\" rel=\"noopener noreferrer\">info@rubin-gartenbau.ch<\/a><\/td><\/tr><tr><td>Beisitzerin<\/td><td>Sandra Lanz<br>Schnabel 1<br>3416 Affoltern i.E.<\/td><td>079 578 27 25<br><a href=\"mailto:sandra_lanz@gmx.ch\">sandra_lanz@gmx.ch<\/a><\/td><\/tr><tr><td>Ehrenpr\u00e4sident Gruppe West<\/td><td>Ernst Stucki<\/td><td>&nbsp;<\/td><\/tr><tr><td>Ehrenmitglieder<\/td><td>Fredy Christen<br>Peter Fankhauser<br>Reto Fl\u00fcckiger<br>Rudolf Neuhaus<br>Kurt M\u00fcller<br>Christian Siegenthaler<\/td><td>&nbsp;<\/td><\/tr><tr><td>Freimitglied<\/td><td>Peter Straub<\/td><td>&nbsp;<\/td><\/tr><tr><td>Aktivmitglieder<\/td><td>J\u00fcrg Aeschlimann<br>Rosmari Bader (JZ)<br>Hans Baumberger<br>Christian Braun<br>Robert Br\u00fcgger<br>David Carnal<br>Gerardo Carpentieri<br>Roland Christen<br>Alice Fankhauser<br>Fredi H\u00e4nggi<br>Irene Kunz<br>Pius Kunz<br>Kristine D Incau<br>Reto Lanz<br>Sandra Lanz<br>J\u00fcrg Mathys<br>St\u00e9phane Monnet<br>Consuelo Nani<br>Luca Nani<br>Daniel Rubin<br>Yves Rubin<br>Michael Rust<br>Florian Salzmann<br>Martin Stoll<br>Marianne Stucki-Friedli<\/td><td>&nbsp;<\/td><\/tr><\/tbody><\/table><\/figure>\n","protected":false},"excerpt":{"rendered":"<p>Gegr\u00fcndet&nbsp;&nbsp;&nbsp;&nbsp;&nbsp;&nbsp;&nbsp;&nbsp;&nbsp;&nbsp;&nbsp;&nbsp;&nbsp;&nbsp;&nbsp;&nbsp;&nbsp;&nbsp;&nbsp;&nbsp;&nbsp;&nbsp;&nbsp;&nbsp; &nbsp;&nbsp;1933 als Gruppe Jura Mitglieder 33 &nbsp; Pr\u00e4sident Roland ChristenH\u00f6henweg 124553 Subingen 079 562 59 19laendu75@bluewin.ch Vicepr\u00e4sident Christian BraunHauptstrasse 53422 Alchenfl\u00fch 034 445 07 00urch.braun@gmx.ch Aktuarin Marianne Stucki-FriedliLooh 213B3538 R\u00f6thenbach im Emmental 034 491 26 09stuckimarianne@bluewin.ch&nbsp; Kassierin Alice FankhauserKirchmatte 83412 Heimiswil 034 422 10 63fankhauser.kaeserei-metzgerei@bluewin.ch Obmann Daniel RubinLuterbachstrasse 1383068 Utzigen 031 839 37 04info@rubin-gartenbau.ch &hellip; <\/p>\n<p class=\"link-more\"><a href=\"https:\/\/www.englischschecken.ch\/?page_id=57\" class=\"more-link\"><span class=\"screen-reader-text\">\u201eGruppe West\u201c <\/span>weiterlesen<\/a><\/p>\n","protected":false},"author":1,"featured_media":0,"parent":0,"menu_order":0,"comment_status":"closed","ping_status":"closed","template":"","meta":{"_uag_custom_page_level_css":"","footnotes":""},"class_list":["post-57","page","type-page","status-publish","hentry"],"uagb_featured_image_src":{"full":false,"thumbnail":false,"medium":false,"medium_large":false,"large":false,"1536x1536":false,"2048x2048":false,"twentyseventeen-featured-image":false,"twentyseventeen-thumbnail-avatar":false},"uagb_author_info":{"display_name":"admin","author_link":"https:\/\/www.englischschecken.ch\/?author=1"},"uagb_comment_info":0,"uagb_excerpt":"Gegr\u00fcndet&nbsp;&nbsp;&nbsp;&nbsp;&nbsp;&nbsp;&nbsp;&nbsp;&nbsp;&nbsp;&nbsp;&nbsp;&nbsp;&nbsp;&nbsp;&nbsp;&nbsp;&nbsp;&nbsp;&nbsp;&nbsp;&nbsp;&nbsp;&nbsp; &nbsp;&nbsp;1933 als Gruppe Jura Mitglieder 33 &nbsp; Pr\u00e4sident Roland ChristenH\u00f6henweg 124553 Subingen 079 562 59 19laendu75@bluewin.ch Vicepr\u00e4sident Christian BraunHauptstrasse 53422 Alchenfl\u00fch 034 445 07 00urch.braun@gmx.ch Aktuarin Marianne Stucki-FriedliLooh 213B3538 R\u00f6thenbach im Emmental 034 491 26 09stuckimarianne@bluewin.ch&nbsp; Kassierin Alice FankhauserKirchmatte 83412 Heimiswil 034 422 10 63fankhauser.kaeserei-metzgerei@bluewin.ch Obmann Daniel RubinLuterbachstrasse 1383068 Utzigen 031 839 37 04info@rubin-gartenbau.ch&hellip;","_links":{"self":[{"href":"https:\/\/www.englischschecken.ch\/index.php?rest_route=\/wp\/v2\/pages\/57","targetHints":{"allow":["GET"]}}],"collection":[{"href":"https:\/\/www.englischschecken.ch\/index.php?rest_route=\/wp\/v2\/pages"}],"about":[{"href":"https:\/\/www.englischschecken.ch\/index.php?rest_route=\/wp\/v2\/types\/page"}],"author":[{"embeddable":true,"href":"https:\/\/www.englischschecken.ch\/index.php?rest_route=\/wp\/v2\/users\/1"}],"replies":[{"embeddable":true,"href":"https:\/\/www.englischschecken.ch\/index.php?rest_route=%2Fwp%2Fv2%2Fcomments&post=57"}],"version-history":[{"count":86,"href":"https:\/\/www.englischschecken.ch\/index.php?rest_route=\/wp\/v2\/pages\/57\/revisions"}],"predecessor-version":[{"id":7117,"href":"https:\/\/www.englischschecken.ch\/index.php?rest_route=\/wp\/v2\/pages\/57\/revisions\/7117"}],"wp:attachment":[{"href":"https:\/\/www.englischschecken.ch\/index.php?rest_route=%2Fwp%2Fv2%2Fmedia&parent=57"}],"curies":[{"name":"wp","href":"https:\/\/api.w.org\/{rel}","templated":true}]}}