{"id":5755,"date":"2023-06-29T08:04:03","date_gmt":"2023-06-29T07:04:03","guid":{"rendered":"https:\/\/www.englischschecken.ch\/?page_id=5755"},"modified":"2026-01-15T08:43:28","modified_gmt":"2026-01-15T07:43:28","slug":"impresseum","status":"publish","type":"page","link":"https:\/\/www.englischschecken.ch\/?page_id=5755","title":{"rendered":"Impresseum"},"content":{"rendered":"\n\n\n<h2 class=\"wp-block-heading\">Schweizer Englischschecken Klub<\/h2>\n\n\n\n<p>Liebe Besucher,<br>wir freuen uns, dass Sie den Weg zu uns gefunden haben. Es ist unser Ziel, unser Internet-Fenster allgemein verst\u00e4ndlich und aktuell zu gestalten.<br>Auf der Startseite erscheinen auf der&nbsp;<strong>linken Seite&nbsp;<\/strong>regelm\u00e4ssig die neuesten Informationen.<br>Wollen Sie sich weiter vertiefen oder auf fr\u00fchere Beitr\u00e4ge der Startseite (Aktivit\u00e4ten)&nbsp; zur\u00fcckgreifen, dient ihnen die Kategorien-Pfadliste auf der&nbsp;<strong>rechten Spalte<\/strong>&nbsp;als wertvoller Wegweiser. Nutzen Sie ihn \u2013 mit einem Klick sind Sie informiert!<br>Mit der Funktion&nbsp;<em>\u201eSuchen \u2026\u201c<\/em>&nbsp;finden Sie mit dem richtigen Stichwort auf einen Klick den gew\u00fcnschten Beitrag.<br>Fragen oder Anregungen Ihrerseits nehmen wir gerne entgegen und befassen uns umgehend damit. Sie k\u00f6nnen Ihre Anliegen via Kontakt-Formular an uns richten.<\/p>\n\n\n\n<p><strong>Pr\u00e4sident<\/strong><br>Christian Braun<br>Hauptstrasse 5<br>3422 Alchenfl\u00fch<br><br><strong>Webmaster<\/strong><br>Benno B\u00fcchel<br><br><strong>Die sich abwechselnden Header-Bilder zeigen Blicke ins Appenzell, auf den Vierwaldst\u00e4ttersee, auf den Thunersee und den Schwarzsee.<\/strong><\/p>\n","protected":false},"excerpt":{"rendered":"<p>Schweizer Englischschecken Klub Liebe Besucher,wir freuen uns, dass Sie den Weg zu uns gefunden haben. Es ist unser Ziel, unser Internet-Fenster allgemein verst\u00e4ndlich und aktuell zu gestalten.Auf der Startseite erscheinen auf der&nbsp;linken Seite&nbsp;regelm\u00e4ssig die neuesten Informationen.Wollen Sie sich weiter vertiefen oder auf fr\u00fchere Beitr\u00e4ge der Startseite (Aktivit\u00e4ten)&nbsp; zur\u00fcckgreifen, dient ihnen die Kategorien-Pfadliste auf der&nbsp;rechten Spalte&nbsp;als &hellip; <\/p>\n<p class=\"link-more\"><a href=\"https:\/\/www.englischschecken.ch\/?page_id=5755\" class=\"more-link\"><span class=\"screen-reader-text\">\u201eImpresseum\u201c <\/span>weiterlesen<\/a><\/p>\n","protected":false},"author":1,"featured_media":0,"parent":0,"menu_order":0,"comment_status":"closed","ping_status":"closed","template":"","meta":{"_uag_custom_page_level_css":"","footnotes":""},"class_list":["post-5755","page","type-page","status-publish","hentry"],"uagb_featured_image_src":{"full":false,"thumbnail":false,"medium":false,"medium_large":false,"large":false,"1536x1536":false,"2048x2048":false,"twentyseventeen-featured-image":false,"twentyseventeen-thumbnail-avatar":false},"uagb_author_info":{"display_name":"admin","author_link":"https:\/\/www.englischschecken.ch\/?author=1"},"uagb_comment_info":0,"uagb_excerpt":"Schweizer Englischschecken Klub Liebe Besucher,wir freuen uns, dass Sie den Weg zu uns gefunden haben. Es ist unser Ziel, unser Internet-Fenster allgemein verst\u00e4ndlich und aktuell zu gestalten.Auf der Startseite erscheinen auf der&nbsp;linken Seite&nbsp;regelm\u00e4ssig die neuesten Informationen.Wollen Sie sich weiter vertiefen oder auf fr\u00fchere Beitr\u00e4ge der Startseite (Aktivit\u00e4ten)&nbsp; zur\u00fcckgreifen, dient ihnen die Kategorien-Pfadliste auf der&nbsp;rechten Spalte&nbsp;als&hellip;","_links":{"self":[{"href":"https:\/\/www.englischschecken.ch\/index.php?rest_route=\/wp\/v2\/pages\/5755","targetHints":{"allow":["GET"]}}],"collection":[{"href":"https:\/\/www.englischschecken.ch\/index.php?rest_route=\/wp\/v2\/pages"}],"about":[{"href":"https:\/\/www.englischschecken.ch\/index.php?rest_route=\/wp\/v2\/types\/page"}],"author":[{"embeddable":true,"href":"https:\/\/www.englischschecken.ch\/index.php?rest_route=\/wp\/v2\/users\/1"}],"replies":[{"embeddable":true,"href":"https:\/\/www.englischschecken.ch\/index.php?rest_route=%2Fwp%2Fv2%2Fcomments&post=5755"}],"version-history":[{"count":6,"href":"https:\/\/www.englischschecken.ch\/index.php?rest_route=\/wp\/v2\/pages\/5755\/revisions"}],"predecessor-version":[{"id":6941,"href":"https:\/\/www.englischschecken.ch\/index.php?rest_route=\/wp\/v2\/pages\/5755\/revisions\/6941"}],"wp:attachment":[{"href":"https:\/\/www.englischschecken.ch\/index.php?rest_route=%2Fwp%2Fv2%2Fmedia&parent=5755"}],"curies":[{"name":"wp","href":"https:\/\/api.w.org\/{rel}","templated":true}]}}