{"id":82,"date":"2014-12-01T20:42:11","date_gmt":"2014-12-01T19:42:11","guid":{"rendered":"http:\/\/www.englischschecken.ch\/?page_id=82"},"modified":"2026-01-14T13:51:54","modified_gmt":"2026-01-14T12:51:54","slug":"haltung-und-gesetzliche-anforderungen","status":"publish","type":"page","link":"https:\/\/www.englischschecken.ch\/?page_id=82","title":{"rendered":"Haltung und gesetzliche Anforderungen"},"content":{"rendered":"\n<h3 class=\"wp-block-heading\"><span style=\"color: #008000;\">&nbsp;<\/span><\/h3>\n\n\n\n<h3 class=\"wp-block-heading\"><strong><span style=\"color: #008000;\">Grundwissen \u00fcber Haltung und Pflege<\/span><\/strong><\/h3>\n\n\n\n<p>M\u00f6chtest Du mehr wissen? Nachstehender Link f\u00fchrt Dich zur Brosch\u00fcre von Kleintiere Schweiz, wo Du alles Wichtige erf\u00e4hrst.<em><br><\/em><\/p>\n\n\n\n<p><a href=\"http:\/\/www.englischschecken.ch\/wp-content\/uploads\/2014\/12\/PDF-Symbol-e1422735176388.png\"><img loading=\"lazy\" decoding=\"async\" class=\"alignnone size-full wp-image-942\" src=\"http:\/\/www.englischschecken.ch\/wp-content\/uploads\/2014\/12\/PDF-Symbol-e1422735176388.png\" alt=\"PDF-Symbol\" width=\"50\" height=\"47\"><\/a><a href=\"http:\/\/www.kleintiere-schweiz.ch\/resources\/2\/uploads\/Halterkurs_Kaninchen_Teilnehmer_V6(1).pdf\" target=\"_blank\" rel=\"noopener\">Lehrkurs: Haltung von Hauskaninchen<\/a><\/p>\n\n\n\n<h3 class=\"wp-block-heading\"><strong><span style=\"color: #008000;\">Merkblatt &#8222;Gesetzliche Anforderungen&#8220;<\/span><\/strong><\/h3>\n\n\n\n<p><a href=\"http:\/\/www.englischschecken.ch\/wp-content\/uploads\/2014\/12\/PDF-Symbol-e1422735176388.png\"><img loading=\"lazy\" decoding=\"async\" class=\"alignnone size-full wp-image-942\" src=\"http:\/\/www.englischschecken.ch\/wp-content\/uploads\/2014\/12\/PDF-Symbol-e1422735176388.png\" alt=\"PDF-Symbol\" width=\"50\" height=\"47\"><\/a><a href=\"http:\/\/www.kleintiere-schweiz.ch\/resources\/2\/uploads\/Gesetzliche%20Fl%C3%A4chen%20Kaninchen.pdf\" target=\"_blank\" rel=\"noopener\">Merkblatt &#8222;Gesetzliche Anforderungen&#8220;<\/a><\/p>\n\n\n\n<h3 class=\"wp-block-heading\"><span style=\"color: #008000;\">&nbsp;Transportbeh\u00e4lter<\/span><\/h3>\n\n\n\n<p><a href=\"http:\/\/www.englischschecken.ch\/wp-content\/uploads\/2014\/12\/PDF-Symbol-e1422735176388.png\"><img loading=\"lazy\" decoding=\"async\" class=\"alignnone size-full wp-image-942\" src=\"http:\/\/www.englischschecken.ch\/wp-content\/uploads\/2014\/12\/PDF-Symbol-e1422735176388.png\" alt=\"PDF-Symbol\" width=\"50\" height=\"47\"><\/a><a href=\"http:\/\/www.kleintiere-schweiz.ch\/resources\/2\/uploads\/Transportbeh%C3%A4lter.pdf\" target=\"_blank\" rel=\"noopener\">Merkblatt &#8222;Transportbeh\u00e4lter&#8220;<\/a><\/p>\n\n\n\n<p>&nbsp;<\/p>\n","protected":false},"excerpt":{"rendered":"<p>&nbsp; Grundwissen \u00fcber Haltung und Pflege M\u00f6chtest Du mehr wissen? Nachstehender Link f\u00fchrt Dich zur Brosch\u00fcre von Kleintiere Schweiz, wo Du alles Wichtige erf\u00e4hrst. Lehrkurs: Haltung von Hauskaninchen Merkblatt &#8222;Gesetzliche Anforderungen&#8220; Merkblatt &#8222;Gesetzliche Anforderungen&#8220; &nbsp;Transportbeh\u00e4lter Merkblatt &#8222;Transportbeh\u00e4lter&#8220; &nbsp;<\/p>\n","protected":false},"author":1,"featured_media":0,"parent":0,"menu_order":2,"comment_status":"closed","ping_status":"closed","template":"","meta":{"_uag_custom_page_level_css":"","footnotes":""},"class_list":["post-82","page","type-page","status-publish","hentry"],"uagb_featured_image_src":{"full":false,"thumbnail":false,"medium":false,"medium_large":false,"large":false,"1536x1536":false,"2048x2048":false,"twentyseventeen-featured-image":false,"twentyseventeen-thumbnail-avatar":false},"uagb_author_info":{"display_name":"admin","author_link":"https:\/\/www.englischschecken.ch\/?author=1"},"uagb_comment_info":0,"uagb_excerpt":"&nbsp; Grundwissen \u00fcber Haltung und Pflege M\u00f6chtest Du mehr wissen? Nachstehender Link f\u00fchrt Dich zur Brosch\u00fcre von Kleintiere Schweiz, wo Du alles Wichtige erf\u00e4hrst. Lehrkurs: Haltung von Hauskaninchen Merkblatt &#8222;Gesetzliche Anforderungen&#8220; Merkblatt &#8222;Gesetzliche Anforderungen&#8220; &nbsp;Transportbeh\u00e4lter Merkblatt &#8222;Transportbeh\u00e4lter&#8220; &nbsp;","_links":{"self":[{"href":"https:\/\/www.englischschecken.ch\/index.php?rest_route=\/wp\/v2\/pages\/82","targetHints":{"allow":["GET"]}}],"collection":[{"href":"https:\/\/www.englischschecken.ch\/index.php?rest_route=\/wp\/v2\/pages"}],"about":[{"href":"https:\/\/www.englischschecken.ch\/index.php?rest_route=\/wp\/v2\/types\/page"}],"author":[{"embeddable":true,"href":"https:\/\/www.englischschecken.ch\/index.php?rest_route=\/wp\/v2\/users\/1"}],"replies":[{"embeddable":true,"href":"https:\/\/www.englischschecken.ch\/index.php?rest_route=%2Fwp%2Fv2%2Fcomments&post=82"}],"version-history":[{"count":12,"href":"https:\/\/www.englischschecken.ch\/index.php?rest_route=\/wp\/v2\/pages\/82\/revisions"}],"predecessor-version":[{"id":6814,"href":"https:\/\/www.englischschecken.ch\/index.php?rest_route=\/wp\/v2\/pages\/82\/revisions\/6814"}],"wp:attachment":[{"href":"https:\/\/www.englischschecken.ch\/index.php?rest_route=%2Fwp%2Fv2%2Fmedia&parent=82"}],"curies":[{"name":"wp","href":"https:\/\/api.w.org\/{rel}","templated":true}]}}